{"id":6705,"date":"2024-01-16T11:55:29","date_gmt":"2024-01-16T10:55:29","guid":{"rendered":"https:\/\/www.proanima.fr\/support-us\/adhesion-institutionnelle\/"},"modified":"2025-12-25T00:33:29","modified_gmt":"2025-12-24T23:33:29","slug":"institutional-membership","status":"publish","type":"page","link":"https:\/\/www.proanima.fr\/en\/support-us\/institutional-membership\/","title":{"rendered":"Institutional membership"},"content":{"rendered":"<p>The Scientific Committee Pro Anima works to open up dialogue (between all stakeholders, with civil society), promote scientific advances, and support researchers, biotech and start-ups developing and\/or using technologies and new methods, alternatives to animals, for research, education and toxicology.<\/p>\n<h2><span class=\"ez-toc-section\" id=\"you_are_an_industry_a_start-up_a_lab_or_an_institution\"><\/span>You are an industry, a start-up, a lab or an institution<span class=\"ez-toc-section-end\"><\/span><\/h2>\n<p><strong>Support Pro Anima with a CORPORATE \/ INSTITUTION MEMBERSHIP<\/strong><\/p>\n<p>Join our growing network of companies, start-up and biotech committed to advancing innovative, humane, and scientifically reliable methods applied to biomedical research and toxicology testing.<\/p>\n<p><strong>Among the benefits of Corporate \/ Institution membership:<\/strong><\/p>\n<ul>\n<li aria-level=\"1\"><b>Visibility<\/b>: Gain visibility within our network in bringing your support to the pionneering work of Pro Anima in France and in Europe;<\/li>\n<li aria-level=\"1\"><b>Updates &amp; Communication<\/b>: Stay informed and share your research and services with the weekly NAMs newsletter, the newsletter dedicated to the latest developments in New Approach Methodologies in Europe and worldwide;<\/li>\n<li aria-level=\"1\"><b>Exclusive Access to the NAMs Interface<\/b><b> and other resources<br>\n<\/b> Corporate and Institutional members receive privileged access to our NAMs Interface \u2013 a unique database gathering resources on NAMs, laboratories, companies, events, and&nbsp;more.<\/li>\n<\/ul>\n<p>&nbsp;<\/p>\n<div class=\"aboblock cols col1\">\n<div class=\"col\">\n<h3><span class=\"ez-toc-section\" id=\"corporate_institution_membership\"><\/span>Corporate \/ Institution membership<span class=\"ez-toc-section-end\"><\/span><\/h3>\n<div class=\"txt\">\n<p>&nbsp;<\/p>\n<div class=\"bouton\"><a href=\"https:\/\/www.paypal.com\/donate\/?hosted_button_id=EG3UVNSXXRTNA\">Join now<\/a><\/div>\n<\/div>\n<\/div>\n<\/div>\n<p>For more information and\/or support a specific action of our Committee, <a href=\"https:\/\/www.proanima.fr\/en\/contact-us\/\"><strong>contact us<\/strong><\/a>.<\/p>\n<p>&nbsp;<\/p>\n<h2><span class=\"ez-toc-section\" id=\"our_first_members\"><\/span>Our first members<span class=\"ez-toc-section-end\"><\/span><\/h2>\n<p>&nbsp;<\/p>\n<p><img loading=\"lazy\" decoding=\"async\" class=\"alignnone wp-image-10891\" src=\"https:\/\/www.proanima.fr\/wp-content\/uploads\/2025\/12\/5.png\" alt width=\"441\" height=\"441\" srcset=\"https:\/\/www.proanima.fr\/wp-content\/uploads\/2025\/12\/5.png 1080w, https:\/\/www.proanima.fr\/wp-content\/uploads\/2025\/12\/5-300x300.png 300w, https:\/\/www.proanima.fr\/wp-content\/uploads\/2025\/12\/5-1024x1024.png 1024w, https:\/\/www.proanima.fr\/wp-content\/uploads\/2025\/12\/5-150x150.png 150w, https:\/\/www.proanima.fr\/wp-content\/uploads\/2025\/12\/5-768x768.png 768w, https:\/\/www.proanima.fr\/wp-content\/uploads\/2025\/12\/5-624x624.png 624w\" sizes=\"auto, (max-width: 441px) 100vw, 441px\"> &nbsp;&nbsp;&nbsp; <img loading=\"lazy\" decoding=\"async\" class=\"alignnone wp-image-10893\" src=\"https:\/\/www.proanima.fr\/wp-content\/uploads\/2025\/12\/6.png\" alt width=\"441\" height=\"441\" srcset=\"https:\/\/www.proanima.fr\/wp-content\/uploads\/2025\/12\/6.png 1080w, https:\/\/www.proanima.fr\/wp-content\/uploads\/2025\/12\/6-300x300.png 300w, https:\/\/www.proanima.fr\/wp-content\/uploads\/2025\/12\/6-1024x1024.png 1024w, https:\/\/www.proanima.fr\/wp-content\/uploads\/2025\/12\/6-150x150.png 150w, https:\/\/www.proanima.fr\/wp-content\/uploads\/2025\/12\/6-768x768.png 768w, https:\/\/www.proanima.fr\/wp-content\/uploads\/2025\/12\/6-624x624.png 624w\" sizes=\"auto, (max-width: 441px) 100vw, 441px\"><\/p>\n<p><img loading=\"lazy\" decoding=\"async\" class=\"alignnone wp-image-10895\" src=\"https:\/\/www.proanima.fr\/wp-content\/uploads\/2025\/12\/7.png\" alt width=\"441\" height=\"441\" srcset=\"https:\/\/www.proanima.fr\/wp-content\/uploads\/2025\/12\/7.png 1080w, https:\/\/www.proanima.fr\/wp-content\/uploads\/2025\/12\/7-300x300.png 300w, https:\/\/www.proanima.fr\/wp-content\/uploads\/2025\/12\/7-1024x1024.png 1024w, https:\/\/www.proanima.fr\/wp-content\/uploads\/2025\/12\/7-150x150.png 150w, https:\/\/www.proanima.fr\/wp-content\/uploads\/2025\/12\/7-768x768.png 768w, https:\/\/www.proanima.fr\/wp-content\/uploads\/2025\/12\/7-624x624.png 624w\" sizes=\"auto, (max-width: 441px) 100vw, 441px\"><\/p>\n<p>&nbsp;<\/p>\n","protected":false},"excerpt":{"rendered":"<p>The Scientific Committee Pro Anima works to open up dialogue (between all stakeholders, with civil society), promote scientific advances, and support researchers, biotech and start-ups developing and\/or using technologies and new methods, alternatives to animals, for research, education and toxicology.&nbsp;[\u2026]<\/p>\n","protected":false},"author":1,"featured_media":6649,"parent":673,"menu_order":0,"comment_status":"closed","ping_status":"closed","template":"","meta":{"_acf_changed":false,"wp_typography_post_enhancements_disabled":false,"footnotes":""},"class_list":["post-6705","page","type-page","status-publish","has-post-thumbnail","hentry"],"acf":[],"yoast_head":"<!-- This site is optimized with the Yoast SEO plugin v27.3 - https:\/\/yoast.com\/product\/yoast-seo-wordpress\/ -->\n<title>Institutional membership - Pro Anima<\/title>\n<meta name=\"description\" content=\"Vous \u00eates chercheurs, responsables d\u2019un laboratoire, d\u2019une industrie\u00a0: Adh\u00e9rer au Comit\u00e9 scientifique Pro Anima, structure pionni\u00e8re en France pour le d\u00e9veloppement des m\u00e9thodes non-animales\" \/>\n<meta name=\"robots\" content=\"index, follow, max-snippet:-1, max-image-preview:large, max-video-preview:-1\" \/>\n<link rel=\"canonical\" href=\"https:\/\/www.proanima.fr\/en\/support-us\/institutional-membership\/\" \/>\n<meta property=\"og:locale\" content=\"en_US\" \/>\n<meta property=\"og:type\" content=\"article\" \/>\n<meta property=\"og:title\" content=\"Institutional membership - Pro Anima\" \/>\n<meta property=\"og:description\" content=\"Vous \u00eates chercheurs, responsables d\u2019un laboratoire, d\u2019une industrie\u00a0: Adh\u00e9rer au Comit\u00e9 scientifique Pro Anima, structure pionni\u00e8re en France pour le d\u00e9veloppement des m\u00e9thodes non-animales\" \/>\n<meta property=\"og:url\" content=\"https:\/\/www.proanima.fr\/en\/support-us\/institutional-membership\/\" \/>\n<meta property=\"og:site_name\" content=\"Pro Anima\" \/>\n<meta property=\"article:publisher\" content=\"https:\/\/www.facebook.com\/Association-Pro-Anima-34207477994\/?fref=ts\" \/>\n<meta property=\"article:modified_time\" content=\"2025-12-24T23:33:29+00:00\" \/>\n<meta property=\"og:image\" content=\"https:\/\/www.proanima.fr\/wp-content\/uploads\/2024\/01\/Site-PA-NOUS-SOUTENIR-Adhesion-Recherche-iStock-credit-ipopba.jpg\" \/>\n\t<meta property=\"og:image:width\" content=\"2445\" \/>\n\t<meta property=\"og:image:height\" content=\"1225\" \/>\n\t<meta property=\"og:image:type\" content=\"image\/jpeg\" \/>\n<meta name=\"twitter:card\" content=\"summary_large_image\" \/>\n<meta name=\"twitter:site\" content=\"@comiteproanima\" \/>\n<meta name=\"twitter:label1\" content=\"Est. reading time\" \/>\n\t<meta name=\"twitter:data1\" content=\"2 minutes\" \/>\n<script type=\"application\/ld+json\" class=\"yoast-schema-graph\">{\"@context\":\"https:\\\/\\\/schema.org\",\"@graph\":[{\"@type\":\"WebPage\",\"@id\":\"https:\\\/\\\/www.proanima.fr\\\/en\\\/support-us\\\/institutional-membership\\\/\",\"url\":\"https:\\\/\\\/www.proanima.fr\\\/en\\\/support-us\\\/institutional-membership\\\/\",\"name\":\"Institutional membership - Pro Anima\",\"isPartOf\":{\"@id\":\"https:\\\/\\\/www.proanima.fr\\\/#website\"},\"primaryImageOfPage\":{\"@id\":\"https:\\\/\\\/www.proanima.fr\\\/en\\\/support-us\\\/institutional-membership\\\/#primaryimage\"},\"image\":{\"@id\":\"https:\\\/\\\/www.proanima.fr\\\/en\\\/support-us\\\/institutional-membership\\\/#primaryimage\"},\"thumbnailUrl\":\"https:\\\/\\\/www.proanima.fr\\\/wp-content\\\/uploads\\\/2024\\\/01\\\/Site-PA-NOUS-SOUTENIR-Adhesion-Recherche-iStock-credit-ipopba.jpg\",\"datePublished\":\"2024-01-16T10:55:29+00:00\",\"dateModified\":\"2025-12-24T23:33:29+00:00\",\"description\":\"Vous \u00eates chercheurs, responsables d\u2019un laboratoire, d\u2019une industrie\u00a0: Adh\u00e9rer au Comit\u00e9 scientifique Pro Anima, structure pionni\u00e8re en France pour le d\u00e9veloppement des m\u00e9thodes non-animales\",\"breadcrumb\":{\"@id\":\"https:\\\/\\\/www.proanima.fr\\\/en\\\/support-us\\\/institutional-membership\\\/#breadcrumb\"},\"inLanguage\":\"en-US\",\"potentialAction\":[{\"@type\":\"ReadAction\",\"target\":[\"https:\\\/\\\/www.proanima.fr\\\/en\\\/support-us\\\/institutional-membership\\\/\"]}]},{\"@type\":\"ImageObject\",\"inLanguage\":\"en-US\",\"@id\":\"https:\\\/\\\/www.proanima.fr\\\/en\\\/support-us\\\/institutional-membership\\\/#primaryimage\",\"url\":\"https:\\\/\\\/www.proanima.fr\\\/wp-content\\\/uploads\\\/2024\\\/01\\\/Site-PA-NOUS-SOUTENIR-Adhesion-Recherche-iStock-credit-ipopba.jpg\",\"contentUrl\":\"https:\\\/\\\/www.proanima.fr\\\/wp-content\\\/uploads\\\/2024\\\/01\\\/Site-PA-NOUS-SOUTENIR-Adhesion-Recherche-iStock-credit-ipopba.jpg\",\"width\":2445,\"height\":1225,\"caption\":\"Hand of touching network connecting the human dots icon in business project management. Teamwork organization and brainstorm concept\"},{\"@type\":\"BreadcrumbList\",\"@id\":\"https:\\\/\\\/www.proanima.fr\\\/en\\\/support-us\\\/institutional-membership\\\/#breadcrumb\",\"itemListElement\":[{\"@type\":\"ListItem\",\"position\":1,\"name\":\"Accueil\",\"item\":\"https:\\\/\\\/www.proanima.fr\\\/en\\\/\"},{\"@type\":\"ListItem\",\"position\":2,\"name\":\"Join Pro Anima and Support Non-Animal Research\",\"item\":\"https:\\\/\\\/www.proanima.fr\\\/en\\\/support-us\\\/\"},{\"@type\":\"ListItem\",\"position\":3,\"name\":\"Institutional membership\"}]},{\"@type\":\"WebSite\",\"@id\":\"https:\\\/\\\/www.proanima.fr\\\/#website\",\"url\":\"https:\\\/\\\/www.proanima.fr\\\/\",\"name\":\"Pro Anima\",\"description\":\"Pour une recherche sans exp\u00e9rimentation animale\",\"publisher\":{\"@id\":\"https:\\\/\\\/www.proanima.fr\\\/#organization\"},\"potentialAction\":[{\"@type\":\"SearchAction\",\"target\":{\"@type\":\"EntryPoint\",\"urlTemplate\":\"https:\\\/\\\/www.proanima.fr\\\/?s={search_term_string}\"},\"query-input\":{\"@type\":\"PropertyValueSpecification\",\"valueRequired\":true,\"valueName\":\"search_term_string\"}}],\"inLanguage\":\"en-US\"},{\"@type\":\"Organization\",\"@id\":\"https:\\\/\\\/www.proanima.fr\\\/#organization\",\"name\":\"Pro Anima\",\"url\":\"https:\\\/\\\/www.proanima.fr\\\/\",\"logo\":{\"@type\":\"ImageObject\",\"inLanguage\":\"en-US\",\"@id\":\"https:\\\/\\\/www.proanima.fr\\\/#\\\/schema\\\/logo\\\/image\\\/\",\"url\":\"https:\\\/\\\/www.proanima.fr\\\/wp-content\\\/uploads\\\/2016\\\/03\\\/Logo-ProAnima-RVB-copie-1.jpg\",\"contentUrl\":\"https:\\\/\\\/www.proanima.fr\\\/wp-content\\\/uploads\\\/2016\\\/03\\\/Logo-ProAnima-RVB-copie-1.jpg\",\"width\":1800,\"height\":600,\"caption\":\"Pro Anima\"},\"image\":{\"@id\":\"https:\\\/\\\/www.proanima.fr\\\/#\\\/schema\\\/logo\\\/image\\\/\"},\"sameAs\":[\"https:\\\/\\\/www.facebook.com\\\/Association-Pro-Anima-34207477994\\\/?fref=ts\",\"https:\\\/\\\/x.com\\\/comiteproanima\",\"https:\\\/\\\/www.linkedin.com\\\/company\\\/comit-scientifique-pro-anima\\\/\",\"https:\\\/\\\/www.instagram.com\\\/comiteproanima\\\/\"]}]}<\/script>\n<!-- \/ Yoast SEO plugin. -->","yoast_head_json":{"title":"Institutional membership - Pro Anima","description":"Vous \u00eates chercheurs, responsables d\u2019un laboratoire, d\u2019une industrie\u00a0: Adh\u00e9rer au Comit\u00e9 scientifique Pro Anima, structure pionni\u00e8re en France pour le d\u00e9veloppement des m\u00e9thodes non-animales","robots":{"index":"index","follow":"follow","max-snippet":"max-snippet:-1","max-image-preview":"max-image-preview:large","max-video-preview":"max-video-preview:-1"},"canonical":"https:\/\/www.proanima.fr\/en\/support-us\/institutional-membership\/","og_locale":"en_US","og_type":"article","og_title":"Institutional membership - Pro Anima","og_description":"Vous \u00eates chercheurs, responsables d\u2019un laboratoire, d\u2019une industrie\u00a0: Adh\u00e9rer au Comit\u00e9 scientifique Pro Anima, structure pionni\u00e8re en France pour le d\u00e9veloppement des m\u00e9thodes non-animales","og_url":"https:\/\/www.proanima.fr\/en\/support-us\/institutional-membership\/","og_site_name":"Pro Anima","article_publisher":"https:\/\/www.facebook.com\/Association-Pro-Anima-34207477994\/?fref=ts","article_modified_time":"2025-12-24T23:33:29+00:00","og_image":[{"width":2445,"height":1225,"url":"https:\/\/www.proanima.fr\/wp-content\/uploads\/2024\/01\/Site-PA-NOUS-SOUTENIR-Adhesion-Recherche-iStock-credit-ipopba.jpg","type":"image\/jpeg"}],"twitter_card":"summary_large_image","twitter_site":"@comiteproanima","twitter_misc":{"Est. reading time":"2 minutes"},"schema":{"@context":"https:\/\/schema.org","@graph":[{"@type":"WebPage","@id":"https:\/\/www.proanima.fr\/en\/support-us\/institutional-membership\/","url":"https:\/\/www.proanima.fr\/en\/support-us\/institutional-membership\/","name":"Institutional membership - Pro Anima","isPartOf":{"@id":"https:\/\/www.proanima.fr\/#website"},"primaryImageOfPage":{"@id":"https:\/\/www.proanima.fr\/en\/support-us\/institutional-membership\/#primaryimage"},"image":{"@id":"https:\/\/www.proanima.fr\/en\/support-us\/institutional-membership\/#primaryimage"},"thumbnailUrl":"https:\/\/www.proanima.fr\/wp-content\/uploads\/2024\/01\/Site-PA-NOUS-SOUTENIR-Adhesion-Recherche-iStock-credit-ipopba.jpg","datePublished":"2024-01-16T10:55:29+00:00","dateModified":"2025-12-24T23:33:29+00:00","description":"Vous \u00eates chercheurs, responsables d\u2019un laboratoire, d\u2019une industrie\u00a0: Adh\u00e9rer au Comit\u00e9 scientifique Pro Anima, structure pionni\u00e8re en France pour le d\u00e9veloppement des m\u00e9thodes non-animales","breadcrumb":{"@id":"https:\/\/www.proanima.fr\/en\/support-us\/institutional-membership\/#breadcrumb"},"inLanguage":"en-US","potentialAction":[{"@type":"ReadAction","target":["https:\/\/www.proanima.fr\/en\/support-us\/institutional-membership\/"]}]},{"@type":"ImageObject","inLanguage":"en-US","@id":"https:\/\/www.proanima.fr\/en\/support-us\/institutional-membership\/#primaryimage","url":"https:\/\/www.proanima.fr\/wp-content\/uploads\/2024\/01\/Site-PA-NOUS-SOUTENIR-Adhesion-Recherche-iStock-credit-ipopba.jpg","contentUrl":"https:\/\/www.proanima.fr\/wp-content\/uploads\/2024\/01\/Site-PA-NOUS-SOUTENIR-Adhesion-Recherche-iStock-credit-ipopba.jpg","width":2445,"height":1225,"caption":"Hand of touching network connecting the human dots icon in business project management. Teamwork organization and brainstorm concept"},{"@type":"BreadcrumbList","@id":"https:\/\/www.proanima.fr\/en\/support-us\/institutional-membership\/#breadcrumb","itemListElement":[{"@type":"ListItem","position":1,"name":"Accueil","item":"https:\/\/www.proanima.fr\/en\/"},{"@type":"ListItem","position":2,"name":"Join Pro Anima and Support Non-Animal Research","item":"https:\/\/www.proanima.fr\/en\/support-us\/"},{"@type":"ListItem","position":3,"name":"Institutional membership"}]},{"@type":"WebSite","@id":"https:\/\/www.proanima.fr\/#website","url":"https:\/\/www.proanima.fr\/","name":"Pro Anima","description":"Pour une recherche sans exp\u00e9rimentation animale","publisher":{"@id":"https:\/\/www.proanima.fr\/#organization"},"potentialAction":[{"@type":"SearchAction","target":{"@type":"EntryPoint","urlTemplate":"https:\/\/www.proanima.fr\/?s={search_term_string}"},"query-input":{"@type":"PropertyValueSpecification","valueRequired":true,"valueName":"search_term_string"}}],"inLanguage":"en-US"},{"@type":"Organization","@id":"https:\/\/www.proanima.fr\/#organization","name":"Pro Anima","url":"https:\/\/www.proanima.fr\/","logo":{"@type":"ImageObject","inLanguage":"en-US","@id":"https:\/\/www.proanima.fr\/#\/schema\/logo\/image\/","url":"https:\/\/www.proanima.fr\/wp-content\/uploads\/2016\/03\/Logo-ProAnima-RVB-copie-1.jpg","contentUrl":"https:\/\/www.proanima.fr\/wp-content\/uploads\/2016\/03\/Logo-ProAnima-RVB-copie-1.jpg","width":1800,"height":600,"caption":"Pro Anima"},"image":{"@id":"https:\/\/www.proanima.fr\/#\/schema\/logo\/image\/"},"sameAs":["https:\/\/www.facebook.com\/Association-Pro-Anima-34207477994\/?fref=ts","https:\/\/x.com\/comiteproanima","https:\/\/www.linkedin.com\/company\/comit-scientifique-pro-anima\/","https:\/\/www.instagram.com\/comiteproanima\/"]}]}},"_links":{"self":[{"href":"https:\/\/www.proanima.fr\/en\/wp-json\/wp\/v2\/pages\/6705","targetHints":{"allow":["GET"]}}],"collection":[{"href":"https:\/\/www.proanima.fr\/en\/wp-json\/wp\/v2\/pages"}],"about":[{"href":"https:\/\/www.proanima.fr\/en\/wp-json\/wp\/v2\/types\/page"}],"author":[{"embeddable":true,"href":"https:\/\/www.proanima.fr\/en\/wp-json\/wp\/v2\/users\/1"}],"replies":[{"embeddable":true,"href":"https:\/\/www.proanima.fr\/en\/wp-json\/wp\/v2\/comments?post=6705"}],"version-history":[{"count":6,"href":"https:\/\/www.proanima.fr\/en\/wp-json\/wp\/v2\/pages\/6705\/revisions"}],"predecessor-version":[{"id":10913,"href":"https:\/\/www.proanima.fr\/en\/wp-json\/wp\/v2\/pages\/6705\/revisions\/10913"}],"up":[{"embeddable":true,"href":"https:\/\/www.proanima.fr\/en\/wp-json\/wp\/v2\/pages\/673"}],"wp:featuredmedia":[{"embeddable":true,"href":"https:\/\/www.proanima.fr\/en\/wp-json\/wp\/v2\/media\/6649"}],"wp:attachment":[{"href":"https:\/\/www.proanima.fr\/en\/wp-json\/wp\/v2\/media?parent=6705"}],"curies":[{"name":"wp","href":"https:\/\/api.w.org\/{rel}","templated":true}]}}